{"id":1662,"date":"2021-08-16T10:32:04","date_gmt":"2021-08-16T08:32:04","guid":{"rendered":"https:\/\/apnoe-screening.ch\/produkt\/hoodie-with-logo\/"},"modified":"2023-07-13T17:30:02","modified_gmt":"2023-07-13T15:30:02","slug":"screening","status":"publish","type":"product","link":"https:\/\/sleepiz.com\/shop-ch\/produkt\/screening\/","title":{"rendered":"Screening"},"content":{"rendered":"<p>Erhalten Sie das Apnoe-Screening Ger\u00e4t versandkostenfrei zu Ihnen nach Hause f\u00fcr 3 N\u00e4chte Untersuchung mit anschliessendem Analysebericht als PDF.<\/p>\n<p>Im Preis inbegriffen sind das Screening Ger\u00e4t, 3 N\u00e4chte Untersuchung, Analysebericht als PDF und Liefergeb\u00fchren.<\/p>\n","protected":false},"excerpt":{"rendered":"<p>Erhalten Sie das Apnoe-Screening Ger\u00e4t versandkostenfrei zu Ihnen nach Hause f\u00fcr 3 N\u00e4chte Untersuchung mit anschliessendem Analysebericht als PDF.<\/p>\n<p>Im Preis inbegriffen sind das Screening Ger\u00e4t, 3 N\u00e4chte Untersuchung, Analysebericht als PDF und Liefergeb\u00fchren.<\/p>\n","protected":false},"featured_media":5816,"comment_status":"open","ping_status":"closed","template":"","meta":{"_acf_changed":false,"wds_primary_product_brand":0,"wds_primary_product_cat":0,"_links_to":"","_links_to_target":""},"product_brand":[],"product_cat":[16],"product_tag":[],"class_list":{"0":"post-1662","1":"product","2":"type-product","3":"status-publish","4":"has-post-thumbnail","6":"product_cat-unkategorisiert","7":"wpbf-post","10":"instock","11":"sold-individually","12":"taxable","13":"shipping-taxable","14":"purchasable","15":"product-type-simple"},"acf":[],"_links":{"self":[{"href":"https:\/\/sleepiz.com\/shop-ch\/wp-json\/wp\/v2\/product\/1662","targetHints":{"allow":["GET"]}}],"collection":[{"href":"https:\/\/sleepiz.com\/shop-ch\/wp-json\/wp\/v2\/product"}],"about":[{"href":"https:\/\/sleepiz.com\/shop-ch\/wp-json\/wp\/v2\/types\/product"}],"replies":[{"embeddable":true,"href":"https:\/\/sleepiz.com\/shop-ch\/wp-json\/wp\/v2\/comments?post=1662"}],"wp:featuredmedia":[{"embeddable":true,"href":"https:\/\/sleepiz.com\/shop-ch\/wp-json\/wp\/v2\/media\/5816"}],"wp:attachment":[{"href":"https:\/\/sleepiz.com\/shop-ch\/wp-json\/wp\/v2\/media?parent=1662"}],"wp:term":[{"taxonomy":"product_brand","embeddable":true,"href":"https:\/\/sleepiz.com\/shop-ch\/wp-json\/wp\/v2\/product_brand?post=1662"},{"taxonomy":"product_cat","embeddable":true,"href":"https:\/\/sleepiz.com\/shop-ch\/wp-json\/wp\/v2\/product_cat?post=1662"},{"taxonomy":"product_tag","embeddable":true,"href":"https:\/\/sleepiz.com\/shop-ch\/wp-json\/wp\/v2\/product_tag?post=1662"}],"curies":[{"name":"wp","href":"https:\/\/api.w.org\/{rel}","templated":true}]}}